{"id":9859,"date":"2022-02-15T15:15:07","date_gmt":"2022-02-15T12:15:07","guid":{"rendered":"https:\/\/aura-istanbul.com\/?page_id=9859"},"modified":"2025-09-23T20:44:30","modified_gmt":"2025-09-23T17:44:30","slug":"aura-alumni-dilara-ucar","status":"publish","type":"page","link":"https:\/\/aura-istanbul.com\/index.php\/aura-alumni-dilara-ucar\/","title":{"rendered":"AURA Alumni: Dilara U\u00e7ar"},"content":{"rendered":"<div class=\"wpb-content-wrapper\"><p>[vc_section][vc_row][vc_column width=&#8221;1\/6&#8243;][vc_single_image image=&#8221;9860&#8243; img_size=&#8221;large&#8221; alignment=&#8221;center&#8221;][vc_empty_space][vc_column_text]<strong>Dilara U\u00e7ar<\/strong>[\/vc_column_text][vc_empty_space height=&#8221;16px&#8221;][vc_column_text]Mimar<br \/>\n\u015eehir Planc\u0131s\u0131<br \/>\nMimar Sinan G\u00fczel Sanatlar \u00dcniversitesi<\/p>\n<p>G\u00fcz 2021<br \/>\nDan\u0131\u015fman: Tuna Han Ko\u00e7 &#8211; Zeynep Alt\u0131nba\u015fl\u0131[\/vc_column_text][vc_empty_space][\/vc_column][vc_column width=&#8221;2\/3&#8243;][vc_column_text]<\/p>\n<p style=\"text-align: left;\"><strong>Beyo\u011flu Kamusal Sanat Manifestosu<\/strong><\/p>\n<p>[\/vc_column_text][vc_column_text]Beyo\u011flu, kamusal mekanlar\u0131n\u0131n sanat mekanlar\u0131yla \u00e7evrelendi\u011fi, imgesinin kamusal alanda sanatla \u00f6zde\u015fle\u015fti\u011fi \u00f6nemli bir merkezdir. Kamusal mekan ve kamusal alan etkile\u015fiminde bir aray\u00fcz olu\u015fturan \u2018kamusal sanat\u2019 herkesin, her zaman \u00fcretime kat\u0131labildi\u011fi, \u00fcretim s\u00fcre\u00e7lerine dair bilgi sahibi olabildi\u011fi ve aktif rol oynayabildi\u011fi sanat\u0131 ifade eder. Beyo\u011flu Kamusal Sanat Manifestosu, yaz\u0131l\u0131 ve g\u00f6rsel ifade tekniklerinin kullan\u0131ld\u0131\u011f\u0131 bir manifestodur. Temelini \u2018kamusall\u0131k\u2019 tart\u0131\u015fmas\u0131ndan alan \u00e7al\u0131\u015fma, sanat\u0131 bu ba\u011flamda sorgular. Yap\u0131lan ara\u015ft\u0131rmalar do\u011frultusunda kamusal sanat\u0131n Beyo\u011flu\u2019nda estetik-politik eylem bi\u00e7imi olarak mekansal kar\u015f\u0131l\u0131\u011f\u0131n\u0131 buldu\u011fu, kendine \u00f6zg\u00fc nitelikleri oldu\u011fu g\u00f6r\u00fclmektedir. Beyo\u011flu\u2019nda kamusal sanat\u0131n kolektif haf\u0131zaya katk\u0131s\u0131n\u0131 ortaya koymak, sanat etkinliklerinin ve eserlerinin izini s\u00fcrerek m\u00fcmk\u00fcn olmaktad\u0131r. Kamusal sanat\u0131n iktidarla ve mekanla kurdu\u011fu ili\u015fki, manifestonun \u00e7er\u00e7evesini olu\u015fturmaktad\u0131r.<\/p>\n<p>\u0130ktidar\u0131n kendi mekanizmas\u0131na dahil etmeye \u00e7al\u0131\u015ft\u0131\u011f\u0131, edemedi\u011fi takdirde yasaklad\u0131\u011f\u0131 sanatsal ifade tehdit alt\u0131ndad\u0131r. Bu durum kamusal sanata protestodan ve di\u011fer sanatsal ifade bi\u00e7imlerinden farkl\u0131, \u00f6zg\u00fcn nitelikler kazand\u0131rmaktad\u0131r: Kamusal sanat\u0131n mekans\u0131z ve g\u00f6\u00e7ebe olmas\u0131n\u0131; kal\u0131c\u0131 de\u011fil, anl\u0131k olarak ger\u00e7ekle\u015fmesini sa\u011flamaktad\u0131r. Kent merkezindeki de\u011fi\u015fim ise, kentsel d\u00f6n\u00fc\u015f\u00fcm ve mega projelerle ger\u00e7ekle\u015fmekte, bir m\u00fccadele bi\u00e7imi olan sanatsal ifade, bu d\u00f6n\u00fc\u015f\u00fcm alanlar\u0131nda ve kamusal mekanlarda tezah\u00fcr etmektedir. Manifesto, sanat\u0131n kamusall\u0131\u011f\u0131n\u0131 farkl\u0131 a\u00e7\u0131lardan ele almay\u0131 ama\u00e7lamaktad\u0131r.[\/vc_column_text][vc_empty_space][vc_gallery interval=&#8221;10&#8243; images=&#8221;9861,9862,9865,9863,9864&#8243; img_size=&#8221;full&#8221;][\/vc_column][vc_column width=&#8221;1\/6&#8243;][vc_single_image image=&#8221;9866&#8243; img_size=&#8221;full&#8221; alignment=&#8221;center&#8221; style=&#8221;vc_box_border&#8221; onclick=&#8221;custom_link&#8221; img_link_target=&#8221;_blank&#8221;][vc_empty_space height=&#8221;16px&#8221;][vc_row_inner][vc_column_inner][vc_column_text]Beyo\u011flu Kamusal Sanat Manifestosu i\u00e7in <a href=\"https:\/\/drive.google.com\/file\/d\/1jsc2osIChkBEsvNxPPOexQAegc3gGQPA\/view?usp=sharing\">t\u0131klay\u0131n.<\/a>[\/vc_column_text][\/vc_column_inner][\/vc_row_inner][vc_row_inner][vc_column_inner width=&#8221;2\/3&#8243;][\/vc_column_inner][vc_column_inner width=&#8221;1\/3&#8243;][\/vc_column_inner][\/vc_row_inner][\/vc_column][\/vc_row][\/vc_section]<\/p>\n<\/div>","protected":false},"excerpt":{"rendered":"<p>[vc_section][vc_row][vc_column width=&#8221;1\/6&#8243;][vc_single_image image=&#8221;9860&#8243; img_size=&#8221;large&#8221; alignment=&#8221;center&#8221;][vc_empty_space][vc_column_text]Dilara U\u00e7ar[\/vc_column_text][vc_empty_space height=&#8221;16px&#8221;][vc_column_text]Mimar \u015eehir Planc\u0131s\u0131 Mimar Sinan G\u00fczel Sanatlar \u00dcniversitesi G\u00fcz 2021 Dan\u0131\u015fman: Tuna Han Ko\u00e7 &#8211; Zeynep Alt\u0131nba\u015fl\u0131[\/vc_column_text][vc_empty_space][\/vc_column][vc_column width=&#8221;2\/3&#8243;][vc_column_text] Beyo\u011flu Kamusal Sanat Manifestosu [\/vc_column_text][vc_column_text]Beyo\u011flu, kamusal [&hellip;]<\/p>\n","protected":false},"author":7,"featured_media":0,"parent":0,"menu_order":0,"comment_status":"closed","ping_status":"closed","template":"","meta":{"_acf_changed":false,"_seopress_robots_primary_cat":"","_seopress_titles_title":"Beyo\u011flu Kamusal Sanat Manifestosu, Dilara U\u00e7ar | %%sitetitle%%","_seopress_titles_desc":"Kamusal sanat\u0131n iktidarla ve mekanla kurdu\u011fu ili\u015fki, ara\u015ft\u0131rma sonucunda \u00fcretilen Beyo\u011flu Kamusal Sanat Manifestosu'nun \u00e7er\u00e7evesini olu\u015fturmaktad\u0131r.","_seopress_robots_index":"","_price":"","_stock":"","_tribe_ticket_header":"","_tribe_default_ticket_provider":"","_tribe_ticket_capacity":"0","_ticket_start_date":"","_ticket_end_date":"","_tribe_ticket_show_description":"","_tribe_ticket_show_not_going":false,"_tribe_ticket_use_global_stock":"","_tribe_ticket_global_stock_level":"","_global_stock_mode":"","_global_stock_cap":"","_tribe_rsvp_for_event":"","_tribe_ticket_going_count":"","_tribe_ticket_not_going_count":"","_tribe_tickets_list":"[]","_tribe_ticket_has_attendee_info_fields":false,"_EventAllDay":false,"_EventTimezone":"","_EventStartDate":"","_EventEndDate":"","_EventStartDateUTC":"","_EventEndDateUTC":"","_EventShowMap":false,"_EventShowMapLink":false,"_EventURL":"","_EventCost":"","_EventCostDescription":"","_EventCurrencySymbol":"","_EventCurrencyCode":"","_EventCurrencyPosition":"","_EventDateTimeSeparator":"","_EventTimeRangeSeparator":"","_EventOrganizerID":[],"_EventVenueID":[],"_OrganizerEmail":"","_OrganizerPhone":"","_OrganizerWebsite":"","_VenueAddress":"","_VenueCity":"","_VenueCountry":"","_VenueProvince":"","_VenueState":"","_VenueZip":"","_VenuePhone":"","_VenueURL":"","_VenueStateProvince":"","_VenueLat":"","_VenueLng":"","_VenueShowMap":false,"_VenueShowMapLink":false,"footnotes":"","_tec_slr_enabled":"","_tec_slr_layout":""},"class_list":["post-9859","page","type-page","status-publish","hentry"],"acf":[],"ticketed":false,"_links":{"self":[{"href":"https:\/\/aura-istanbul.com\/index.php\/wp-json\/wp\/v2\/pages\/9859","targetHints":{"allow":["GET"]}}],"collection":[{"href":"https:\/\/aura-istanbul.com\/index.php\/wp-json\/wp\/v2\/pages"}],"about":[{"href":"https:\/\/aura-istanbul.com\/index.php\/wp-json\/wp\/v2\/types\/page"}],"author":[{"embeddable":true,"href":"https:\/\/aura-istanbul.com\/index.php\/wp-json\/wp\/v2\/users\/7"}],"replies":[{"embeddable":true,"href":"https:\/\/aura-istanbul.com\/index.php\/wp-json\/wp\/v2\/comments?post=9859"}],"version-history":[{"count":2,"href":"https:\/\/aura-istanbul.com\/index.php\/wp-json\/wp\/v2\/pages\/9859\/revisions"}],"predecessor-version":[{"id":15173,"href":"https:\/\/aura-istanbul.com\/index.php\/wp-json\/wp\/v2\/pages\/9859\/revisions\/15173"}],"wp:attachment":[{"href":"https:\/\/aura-istanbul.com\/index.php\/wp-json\/wp\/v2\/media?parent=9859"}],"curies":[{"name":"wp","href":"https:\/\/api.w.org\/{rel}","templated":true}]}}