{"id":9868,"date":"2022-02-15T15:37:58","date_gmt":"2022-02-15T12:37:58","guid":{"rendered":"https:\/\/aura-istanbul.com\/?page_id=9868"},"modified":"2025-09-23T20:44:45","modified_gmt":"2025-09-23T17:44:45","slug":"aura-alumni-dilan-atasayar","status":"publish","type":"page","link":"https:\/\/aura-istanbul.com\/index.php\/aura-alumni-dilan-atasayar\/","title":{"rendered":"AURA Alumni: Dilan Atasayar"},"content":{"rendered":"<div class=\"wpb-content-wrapper\"><p>[vc_section][vc_row][vc_column width=&#8221;1\/6&#8243;][vc_single_image image=&#8221;9869&#8243; img_size=&#8221;large&#8221; alignment=&#8221;center&#8221;][vc_empty_space][vc_column_text]<strong>Dilan Atasayar<\/strong>[\/vc_column_text][vc_empty_space height=&#8221;16px&#8221;][vc_column_text]\u00c7ini Ana Sanat Dal\u0131<br \/>\nMimar Sinan G\u00fczel Sanatlar \u00dcniversitesi<\/p>\n<p>G\u00fcz 2021<br \/>\nDan\u0131\u015fman: Carlos Zarco Sanz &#8211; Zuhal Kol[\/vc_column_text][vc_empty_space][\/vc_column][vc_column width=&#8221;2\/3&#8243;][vc_column_text]<\/p>\n<p style=\"text-align: left;\"><strong>21. Y\u00fczy\u0131lda \u00c7ini<\/strong><\/p>\n<p>[\/vc_column_text][vc_column_text]\u201c\u00c7ini: Yerli ve yabanc\u0131 kaynaklarda bir y\u00fcz\u00fc s\u0131rl\u0131 olan duvarlar\u0131 s\u00fcslemek i\u00e7in kullan\u0131lan, \u00fczeri genellikle bezemeli, b\u00fcnyesinde y\u00fcksek miktarda kuvars, kil, firit ve kaolin gibi do\u011fal malzemelerin hamur halinde \u00f6\u011f\u00fct\u00fcl\u00fcp bir araya getirilmesiyle olu\u015fan T\u00fcrk duvar seramiklerinin ad\u0131d\u0131r. Osmanl\u0131 kaynaklar\u0131nda duvar seramiklerine ayn\u0131 zamanda \u201cka\u015fi\u201d denmektedir. Ka\u015fi s\u00f6zc\u00fc\u011f\u00fc ismini \u0130ran Ka\u015fan \u015fehrinden almas\u0131n\u0131n yan\u0131 s\u0131ra Fars\u00e7a \u2019da bu s\u00f6zc\u00fck duvar karosu anlam\u0131na gelmektedir. \u201c\u00c7ini\u201d terimi, \u00c7in\u2019e ait anlam\u0131nda 15. y\u00fczy\u0131l\u0131n sonu ve 16. y\u00fczy\u0131lda Osmanl\u0131 saray\u0131na \u00e7e\u015fitli yollarla ula\u015fan \u00c7in porselenlerine duyulan be\u011feniyle birlikte literat\u00fcre yerle\u015fen bir kelimedir.\u201d<\/p>\n<p>\u00c7al\u0131\u015fman\u0131n odak noktas\u0131 g\u00fcn\u00fcm\u00fczde belirli \u00fcslup tekrarlar\u0131yla kar\u015f\u0131m\u0131za \u00e7\u0131kan \u00e7inilerin bug\u00fcne ait de\u011ferlerle ve teknolojilerle g\u00fcn\u00fcm\u00fcze ait bir anlat\u0131mla nas\u0131l aktar\u0131labilece\u011fi \u00fczerine ara\u015ft\u0131rma yapmakt\u0131r. Amac\u0131m\u0131z 16.-17. y\u00fczy\u0131l Klasik Osmanl\u0131 D\u00f6nemi yar\u0131 stilize \u00e7ini \u00fcslubunu temel alarak insanlar\u0131n etkile\u015fimine ve teknolojiye dayanan; bu ba\u011flamda g\u00fcn\u00fcm\u00fczle ge\u00e7mi\u015fin sembolik metabolik ili\u015fkileri aras\u0131nda ba\u011f olu\u015fturan bir kamusal mek\u00e2n enstalasyonu olu\u015fturmakt\u0131r.[\/vc_column_text][vc_empty_space][vc_gallery interval=&#8221;10&#8243; images=&#8221;9870,9871,9872,9873,9874&#8243; img_size=&#8221;full&#8221;][\/vc_column][vc_column width=&#8221;1\/6&#8243;][vc_single_image image=&#8221;9875&#8243; img_size=&#8221;full&#8221; alignment=&#8221;center&#8221; style=&#8221;vc_box_border&#8221; onclick=&#8221;custom_link&#8221; img_link_target=&#8221;_blank&#8221;][vc_empty_space height=&#8221;16px&#8221;][vc_row_inner][vc_column_inner][vc_column_text]Pixel Tree i\u00e7in <a href=\"https:\/\/dilanatasayar.myportfolio.com\/\">t\u0131klay\u0131n.<\/a>[\/vc_column_text][\/vc_column_inner][\/vc_row_inner][vc_row_inner][vc_column_inner width=&#8221;2\/3&#8243;][\/vc_column_inner][vc_column_inner width=&#8221;1\/3&#8243;][\/vc_column_inner][\/vc_row_inner][\/vc_column][\/vc_row][\/vc_section]<\/p>\n<\/div>","protected":false},"excerpt":{"rendered":"<p>[vc_section][vc_row][vc_column width=&#8221;1\/6&#8243;][vc_single_image image=&#8221;9869&#8243; img_size=&#8221;large&#8221; alignment=&#8221;center&#8221;][vc_empty_space][vc_column_text]Dilan Atasayar[\/vc_column_text][vc_empty_space height=&#8221;16px&#8221;][vc_column_text]\u00c7ini Ana Sanat Dal\u0131 Mimar Sinan G\u00fczel Sanatlar \u00dcniversitesi G\u00fcz 2021 Dan\u0131\u015fman: Carlos Zarco Sanz &#8211; Zuhal Kol[\/vc_column_text][vc_empty_space][\/vc_column][vc_column width=&#8221;2\/3&#8243;][vc_column_text] 21. Y\u00fczy\u0131lda \u00c7ini [\/vc_column_text][vc_column_text]\u201c\u00c7ini: Yerli [&hellip;]<\/p>\n","protected":false},"author":7,"featured_media":0,"parent":0,"menu_order":0,"comment_status":"closed","ping_status":"closed","template":"","meta":{"_acf_changed":false,"_seopress_robots_primary_cat":"","_seopress_titles_title":"21. Y\u00fczy\u0131lda \u00c7ini, Dilan Atasayar | %%sitetitle%%","_seopress_titles_desc":"\u00c7al\u0131\u015fman\u0131n odak noktas\u0131 g\u00fcn\u00fcm\u00fczde belirli \u00fcslup tekrarlar\u0131yla kar\u015f\u0131m\u0131za \u00e7\u0131kan \u00e7inilerin bug\u00fcne ait de\u011ferlerle ve teknolojilerle g\u00fcn\u00fcm\u00fcze ait bir anlat\u0131mla nas\u0131l aktar\u0131labilece\u011fi \u00fczerine ara\u015ft\u0131rma yapmakt\u0131r.","_seopress_robots_index":"","_price":"","_stock":"","_tribe_ticket_header":"","_tribe_default_ticket_provider":"","_tribe_ticket_capacity":"0","_ticket_start_date":"","_ticket_end_date":"","_tribe_ticket_show_description":"","_tribe_ticket_show_not_going":false,"_tribe_ticket_use_global_stock":"","_tribe_ticket_global_stock_level":"","_global_stock_mode":"","_global_stock_cap":"","_tribe_rsvp_for_event":"","_tribe_ticket_going_count":"","_tribe_ticket_not_going_count":"","_tribe_tickets_list":"[]","_tribe_ticket_has_attendee_info_fields":false,"_EventAllDay":false,"_EventTimezone":"","_EventStartDate":"","_EventEndDate":"","_EventStartDateUTC":"","_EventEndDateUTC":"","_EventShowMap":false,"_EventShowMapLink":false,"_EventURL":"","_EventCost":"","_EventCostDescription":"","_EventCurrencySymbol":"","_EventCurrencyCode":"","_EventCurrencyPosition":"","_EventDateTimeSeparator":"","_EventTimeRangeSeparator":"","_EventOrganizerID":[],"_EventVenueID":[],"_OrganizerEmail":"","_OrganizerPhone":"","_OrganizerWebsite":"","_VenueAddress":"","_VenueCity":"","_VenueCountry":"","_VenueProvince":"","_VenueState":"","_VenueZip":"","_VenuePhone":"","_VenueURL":"","_VenueStateProvince":"","_VenueLat":"","_VenueLng":"","_VenueShowMap":false,"_VenueShowMapLink":false,"footnotes":"","_tec_slr_enabled":"","_tec_slr_layout":""},"class_list":["post-9868","page","type-page","status-publish","hentry"],"acf":[],"ticketed":false,"_links":{"self":[{"href":"https:\/\/aura-istanbul.com\/index.php\/wp-json\/wp\/v2\/pages\/9868","targetHints":{"allow":["GET"]}}],"collection":[{"href":"https:\/\/aura-istanbul.com\/index.php\/wp-json\/wp\/v2\/pages"}],"about":[{"href":"https:\/\/aura-istanbul.com\/index.php\/wp-json\/wp\/v2\/types\/page"}],"author":[{"embeddable":true,"href":"https:\/\/aura-istanbul.com\/index.php\/wp-json\/wp\/v2\/users\/7"}],"replies":[{"embeddable":true,"href":"https:\/\/aura-istanbul.com\/index.php\/wp-json\/wp\/v2\/comments?post=9868"}],"version-history":[{"count":5,"href":"https:\/\/aura-istanbul.com\/index.php\/wp-json\/wp\/v2\/pages\/9868\/revisions"}],"predecessor-version":[{"id":15174,"href":"https:\/\/aura-istanbul.com\/index.php\/wp-json\/wp\/v2\/pages\/9868\/revisions\/15174"}],"wp:attachment":[{"href":"https:\/\/aura-istanbul.com\/index.php\/wp-json\/wp\/v2\/media?parent=9868"}],"curies":[{"name":"wp","href":"https:\/\/api.w.org\/{rel}","templated":true}]}}