{"id":9905,"date":"2022-02-15T16:35:24","date_gmt":"2022-02-15T13:35:24","guid":{"rendered":"https:\/\/aura-istanbul.com\/?page_id=9905"},"modified":"2025-09-23T20:43:00","modified_gmt":"2025-09-23T17:43:00","slug":"aura-alumni-ozlem-kurtcu","status":"publish","type":"page","link":"https:\/\/aura-istanbul.com\/index.php\/aura-alumni-ozlem-kurtcu\/","title":{"rendered":"AURA Alumni: \u00d6zlem Kurtcu"},"content":{"rendered":"<div class=\"wpb-content-wrapper\"><p>[vc_section][vc_row][vc_column width=&#8221;1\/6&#8243;][vc_single_image image=&#8221;9906&#8243; img_size=&#8221;large&#8221; alignment=&#8221;center&#8221;][vc_empty_space][vc_column_text]<strong>\u00d6zlem Kurtcu<\/strong>[\/vc_column_text][vc_empty_space height=&#8221;16px&#8221;][vc_column_text]Mimar<br \/>\nTOBB Ekonomi ve Teknoloji \u00dcniversitesi<\/p>\n<p>G\u00fcz 2021<br \/>\nDan\u0131\u015fman: Carlos Zarco Sanz &#8211; Zuhal Kol[\/vc_column_text][vc_empty_space][\/vc_column][vc_column width=&#8221;2\/3&#8243;][vc_column_text]<\/p>\n<p style=\"text-align: left;\"><strong>Kentsel \u00c7evrenin \u00c7ocuklar\u0131n G\u00f6z\u00fcnden Okunmas\u0131 ve Bir \u00d6\u011frenme Mekan\u0131 Olarak Sokak<\/strong><\/p>\n<p>[\/vc_column_text][vc_column_text]Kentler ihtiya\u00e7 ve dinamiklere g\u00f6re de\u011fi\u015fen, uyum sa\u011flayan canl\u0131 metabolik sistemler b\u00fct\u00fcn\u00fcd\u00fcr. Sanford Kwinter\u2019\u0131n Soft Sistem1 olarak tan\u0131mlad\u0131\u011f\u0131 bu organizma hareket etme, i\u00e7sel olarak farkl\u0131la\u015fma, \u00f6z\u00fcmseme, d\u00f6n\u00fc\u015ft\u00fcrme ve \u00e7evresiyle bilgi al\u0131\u015fveri\u015finde bulunma kapasitesine sahiptir. Bu ak\u0131\u015fkan metabolik sistem do\u011fal, be\u015feri, sosyal, k\u00fclt\u00fcrel, politik, demografik ve bunun gibi \u00e7ok say\u0131da katmandan olu\u015fmaktad\u0131r.<\/p>\n<p>Bu \u00e7al\u0131\u015fmada kentsel metabolizman\u0131n sosyolojik yap\u0131s\u0131n\u0131n \u00f6nemli bile\u015fenlerinden olan \u00e7ocuklar konusuna odaklan\u0131lm\u0131\u015ft\u0131r. \u0130nsan-\u00e7evre ili\u015fkileri ve \u00f6\u011frenme y\u00f6ntemleri \u00e7al\u0131\u015fmalar\u0131na dayanan ve 5-6 ya\u015f grubundan \u00e7ocuklarla ger\u00e7ekle\u015ftirilen bu ara\u015ft\u0131rma, \u0130stanbul\u2019un \u00e7eperinde mahalle \u00f6l\u00e7e\u011finde \u00e7ocuklar\u0131n kentsel mekan alg\u0131s\u0131na ve kamusal alanlara kat\u0131l\u0131m\u0131na odaklanmaktad\u0131r.<\/p>\n<p>\u00c7ocuklar\u0131n optimal geli\u015fme olana\u011f\u0131 bulabilmesinde okullar ve e\u011fitimciler kadar yerel y\u00f6netimler ve tasar\u0131mc\u0131lar da sorumludur. Kentsel \u00e7evre \u00e7ocuklar\u0131n geli\u015fimlerini s\u0131n\u0131rlamak yerine destekleyen, \u00f6zg\u00fcrle\u015ftirici, e\u011flenceli, ke\u015fifsel \u00f6\u011frenme s\u00fcre\u00e7leri i\u00e7eren ya\u015fant\u0131lar sunmal\u0131d\u0131r. Hedeflenen nokta, bu ara\u015ft\u0131rma sonucunda ula\u015f\u0131lan verilerin vaka analizi niteli\u011finde olmas\u0131 ve \u0130stanbul\u2019da veya ba\u015fka \u015fehirlerde kent \u00e7eperinde \u00e7ocuklar\u0131 da kapsayan kentsel tasar\u0131mlar yaparken kullan\u0131labilir bir kaynak olmas\u0131d\u0131r.[\/vc_column_text][vc_empty_space][vc_gallery interval=&#8221;10&#8243; images=&#8221;9969,9970,9974,9971,9972&#8243; img_size=&#8221;full&#8221;][\/vc_column][vc_column width=&#8221;1\/6&#8243;][vc_single_image image=&#8221;9907&#8243; img_size=&#8221;full&#8221; alignment=&#8221;center&#8221; style=&#8221;vc_box_border&#8221; onclick=&#8221;custom_link&#8221; img_link_target=&#8221;_blank&#8221;][vc_empty_space height=&#8221;16px&#8221;][vc_row_inner][vc_column_inner][\/vc_column_inner][\/vc_row_inner][vc_row_inner][vc_column_inner width=&#8221;2\/3&#8243;][\/vc_column_inner][vc_column_inner width=&#8221;1\/3&#8243;][\/vc_column_inner][\/vc_row_inner][\/vc_column][\/vc_row][\/vc_section]<\/p>\n<\/div>","protected":false},"excerpt":{"rendered":"<p>[vc_section][vc_row][vc_column width=&#8221;1\/6&#8243;][vc_single_image image=&#8221;9906&#8243; img_size=&#8221;large&#8221; alignment=&#8221;center&#8221;][vc_empty_space][vc_column_text]\u00d6zlem Kurtcu[\/vc_column_text][vc_empty_space height=&#8221;16px&#8221;][vc_column_text]Mimar TOBB Ekonomi ve Teknoloji \u00dcniversitesi G\u00fcz 2021 Dan\u0131\u015fman: Carlos Zarco Sanz &#8211; Zuhal Kol[\/vc_column_text][vc_empty_space][\/vc_column][vc_column width=&#8221;2\/3&#8243;][vc_column_text] Kentsel \u00c7evrenin \u00c7ocuklar\u0131n G\u00f6z\u00fcnden Okunmas\u0131 ve Bir \u00d6\u011frenme [&hellip;]<\/p>\n","protected":false},"author":7,"featured_media":0,"parent":0,"menu_order":0,"comment_status":"closed","ping_status":"closed","template":"","meta":{"_acf_changed":false,"_seopress_robots_primary_cat":"","_seopress_titles_title":"Kentsel \u00c7evrenin \u00c7ocuklar\u0131n G\u00f6z\u00fcnden Okunmas\u0131 ve Bir \u00d6\u011frenme Mekan\u0131 Olarak Sokak, \u00d6zlem Kurtcu | %%sitetitle%%","_seopress_titles_desc":"\u0130nsan-\u00e7evre ili\u015fkileri ve \u00f6\u011frenme y\u00f6ntemleri \u00e7al\u0131\u015fmalar\u0131na dayanan ve 5-6 ya\u015f grubundan \u00e7ocuklarla ger\u00e7ekle\u015ftirilen bu ara\u015ft\u0131rma, \u0130stanbul\u2019un \u00e7eperinde mahalle \u00f6l\u00e7e\u011finde \u00e7ocuklar\u0131n kentsel mekan alg\u0131s\u0131na ve kamusal alanlara kat\u0131l\u0131m\u0131na odaklanmaktad\u0131r.","_seopress_robots_index":"","_price":"","_stock":"","_tribe_ticket_header":"","_tribe_default_ticket_provider":"","_tribe_ticket_capacity":"0","_ticket_start_date":"","_ticket_end_date":"","_tribe_ticket_show_description":"","_tribe_ticket_show_not_going":false,"_tribe_ticket_use_global_stock":"","_tribe_ticket_global_stock_level":"","_global_stock_mode":"","_global_stock_cap":"","_tribe_rsvp_for_event":"","_tribe_ticket_going_count":"","_tribe_ticket_not_going_count":"","_tribe_tickets_list":"[]","_tribe_ticket_has_attendee_info_fields":false,"_EventAllDay":false,"_EventTimezone":"","_EventStartDate":"","_EventEndDate":"","_EventStartDateUTC":"","_EventEndDateUTC":"","_EventShowMap":false,"_EventShowMapLink":false,"_EventURL":"","_EventCost":"","_EventCostDescription":"","_EventCurrencySymbol":"","_EventCurrencyCode":"","_EventCurrencyPosition":"","_EventDateTimeSeparator":"","_EventTimeRangeSeparator":"","_EventOrganizerID":[],"_EventVenueID":[],"_OrganizerEmail":"","_OrganizerPhone":"","_OrganizerWebsite":"","_VenueAddress":"","_VenueCity":"","_VenueCountry":"","_VenueProvince":"","_VenueState":"","_VenueZip":"","_VenuePhone":"","_VenueURL":"","_VenueStateProvince":"","_VenueLat":"","_VenueLng":"","_VenueShowMap":false,"_VenueShowMapLink":false,"footnotes":"","_tec_slr_enabled":"","_tec_slr_layout":""},"class_list":["post-9905","page","type-page","status-publish","hentry"],"acf":[],"ticketed":false,"_links":{"self":[{"href":"https:\/\/aura-istanbul.com\/index.php\/wp-json\/wp\/v2\/pages\/9905","targetHints":{"allow":["GET"]}}],"collection":[{"href":"https:\/\/aura-istanbul.com\/index.php\/wp-json\/wp\/v2\/pages"}],"about":[{"href":"https:\/\/aura-istanbul.com\/index.php\/wp-json\/wp\/v2\/types\/page"}],"author":[{"embeddable":true,"href":"https:\/\/aura-istanbul.com\/index.php\/wp-json\/wp\/v2\/users\/7"}],"replies":[{"embeddable":true,"href":"https:\/\/aura-istanbul.com\/index.php\/wp-json\/wp\/v2\/comments?post=9905"}],"version-history":[{"count":4,"href":"https:\/\/aura-istanbul.com\/index.php\/wp-json\/wp\/v2\/pages\/9905\/revisions"}],"predecessor-version":[{"id":15165,"href":"https:\/\/aura-istanbul.com\/index.php\/wp-json\/wp\/v2\/pages\/9905\/revisions\/15165"}],"wp:attachment":[{"href":"https:\/\/aura-istanbul.com\/index.php\/wp-json\/wp\/v2\/media?parent=9905"}],"curies":[{"name":"wp","href":"https:\/\/api.w.org\/{rel}","templated":true}]}}