{"id":9909,"date":"2022-02-15T16:53:38","date_gmt":"2022-02-15T13:53:38","guid":{"rendered":"https:\/\/aura-istanbul.com\/?page_id=9909"},"modified":"2025-09-23T20:42:42","modified_gmt":"2025-09-23T17:42:42","slug":"aura-alumni-selin-sonmezisik","status":"publish","type":"page","link":"https:\/\/aura-istanbul.com\/index.php\/aura-alumni-selin-sonmezisik\/","title":{"rendered":"AURA Alumni: Selin S\u00f6nmez\u0131\u015f\u0131k"},"content":{"rendered":"<div class=\"wpb-content-wrapper\"><p>[vc_section][vc_row][vc_column width=&#8221;1\/6&#8243;][vc_single_image image=&#8221;9910&#8243; img_size=&#8221;large&#8221; alignment=&#8221;center&#8221;][vc_empty_space][vc_column_text]<strong>Selin S\u00f6nmez\u0131\u015f\u0131k<\/strong>[\/vc_column_text][vc_empty_space height=&#8221;16px&#8221;][vc_column_text]\u015eehir Planc\u0131s\u0131<br \/>\n\u0130stanbul Teknik \u00dcniversitesi<\/p>\n<p>G\u00fcz 2021<br \/>\nDan\u0131\u015fman: Carlos Zarco Sanz &#8211; Zuhal Kol[\/vc_column_text][vc_empty_space][\/vc_column][vc_column width=&#8221;2\/3&#8243;][vc_column_text]<strong>K\u0131y\u0131da Olmak: Bo\u011fazi\u00e7i K\u0131y\u0131lar\u0131nda Kamusall\u0131k Sorgusu<\/strong>[\/vc_column_text][vc_column_text]<span style=\"font-weight: 400;\">Bo\u011fazi\u00e7i k\u0131y\u0131lar\u0131nda yap\u0131lan kamusall\u0131k sorgusunda, k\u0131y\u0131 alanlar\u0131nda bulunan kamusal alanlar\u0131n zaman ak\u0131\u015f\u0131na ve kent metabolizmas\u0131 i\u00e7indeki de\u011fi\u015fimine odaklan\u0131lm\u0131\u015ft\u0131r. Ara\u015ft\u0131rma boyunca k\u0131y\u0131 alanlar\u0131n\u0131n insan\u0131n, do\u011fan\u0131n ve suyun metabolizmas\u0131yla kurdu\u011fu ili\u015fki analiz edilmi\u015ftir. Ara\u015ft\u0131rman\u0131n amac\u0131 Bo\u011fazi\u00e7i k\u0131y\u0131lar\u0131nda kamusall\u0131k \u00fczerinden alternatif bir gelecek senaryosu olu\u015fturmakt\u0131r.<\/span><\/p>\n<p>G\u00fcnl\u00fck ya\u015fam pratiklerimizi ve deneyimlerimizi de\u011ferlendirdi\u011fimizde bat\u0131 d\u00fc\u015f\u00fcn\u00fcrlerinin yapt\u0131\u011f\u0131 kamusal alan tan\u0131mlar\u0131n\u0131n co\u011frafyam\u0131zdaki kamusall\u0131k alg\u0131s\u0131yla \u00f6rt\u00fc\u015fmemekte oldu\u011fu orta \u00e7\u0131kmaktad\u0131r. Co\u011frafyam\u0131zda kamusal alan fiziksel a\u00e7\u0131dan kimsenin sahiplenmedi\u011fi, \u00f6zel i\u015fgale a\u00e7\u0131k alanlar olarak de\u011ferlendirilmekte. Bunun en belirgin \u00f6rneklerinden biri de kamusal alan yaratma \u00e7abas\u0131 olarak suyun metabolizmas\u0131na m\u00fcdahale edilerek in\u015faa edilen k\u0131y\u0131 dolgu alanlar\u0131n\u0131n \u00fczerinde \u00f6zel tesis ve yap\u0131lar\u0131n i\u015fgallerin varl\u0131\u011f\u0131d\u0131r.<\/p>\n<p>Ek olarak bu alanlar, denizle kent aras\u0131nda bir ili\u015fki kurdurmaktan ziyade kent i\u00e7inde yarat\u0131lamam\u0131\u015f kamusal alanlar\u0131n denizi i\u015fgal ederek, dolgu alanlar\u0131yla yarat\u0131lma \u00e7abas\u0131 da mevcuttur. Bu noktada \u015f\u00f6yle bir soru da ortaya \u00e7\u0131kmaktad\u0131r.<\/p>\n<p><span style=\"font-weight: 400;\">Ara\u015ft\u0131rma, bir tez sorusu \u00fczerinden Bo\u011fazi\u00e7i k\u0131y\u0131s\u0131ndaki kamusal alanlar\u0131n alternatif geli\u015fim senaryosuna y\u00f6n vermi\u015ftir: Dolgu alanlar\u0131na ihtiya\u00e7 duymadan, kentin ve suyun metabolizmas\u0131na zarar vermeden, Bo\u011fazi\u00e7i k\u0131y\u0131lar\u0131nda kamusal alan yarat\u0131labilir mi? Ara\u015ft\u0131rma sonucunda; do\u011fal e\u015fiklerin, k\u0131y\u0131n\u0131n koruma stat\u00fcs\u00fcn\u00fcn ve k\u0131y\u0131 alanlar\u0131ndaki i\u015flevlerin dolgu alanlar\u0131na ihtiya\u00e7 duymadan kamusal alan olu\u015fmas\u0131na f\u0131rsat yaratt\u0131\u011f\u0131 tespit edilmi\u015ftir.<\/span>[\/vc_column_text][vc_empty_space][vc_gallery interval=&#8221;10&#8243; images=&#8221;9912,9913,9916,9917,9918&#8243; img_size=&#8221;full&#8221;][\/vc_column][vc_column width=&#8221;1\/6&#8243;][vc_single_image image=&#8221;9919&#8243; img_size=&#8221;full&#8221; alignment=&#8221;center&#8221; style=&#8221;vc_box_border&#8221; onclick=&#8221;custom_link&#8221; img_link_target=&#8221;_blank&#8221;][vc_empty_space height=&#8221;16px&#8221;][vc_row_inner][vc_column_inner][\/vc_column_inner][\/vc_row_inner][vc_row_inner][vc_column_inner width=&#8221;2\/3&#8243;][\/vc_column_inner][vc_column_inner width=&#8221;1\/3&#8243;][\/vc_column_inner][\/vc_row_inner][\/vc_column][\/vc_row][\/vc_section]<\/p>\n<\/div>","protected":false},"excerpt":{"rendered":"<p>[vc_section][vc_row][vc_column width=&#8221;1\/6&#8243;][vc_single_image image=&#8221;9910&#8243; img_size=&#8221;large&#8221; alignment=&#8221;center&#8221;][vc_empty_space][vc_column_text]Selin S\u00f6nmez\u0131\u015f\u0131k[\/vc_column_text][vc_empty_space height=&#8221;16px&#8221;][vc_column_text]\u015eehir Planc\u0131s\u0131 \u0130stanbul Teknik \u00dcniversitesi G\u00fcz 2021 Dan\u0131\u015fman: Carlos Zarco Sanz &#8211; Zuhal Kol[\/vc_column_text][vc_empty_space][\/vc_column][vc_column width=&#8221;2\/3&#8243;][vc_column_text]K\u0131y\u0131da Olmak: Bo\u011fazi\u00e7i K\u0131y\u0131lar\u0131nda Kamusall\u0131k Sorgusu[\/vc_column_text][vc_column_text]Bo\u011fazi\u00e7i k\u0131y\u0131lar\u0131nda yap\u0131lan kamusall\u0131k sorgusunda, [&hellip;]<\/p>\n","protected":false},"author":7,"featured_media":0,"parent":0,"menu_order":0,"comment_status":"closed","ping_status":"closed","template":"","meta":{"_acf_changed":false,"_seopress_robots_primary_cat":"","_seopress_titles_title":"K\u0131y\u0131da Olmak: Bo\u011fazi\u00e7i K\u0131y\u0131lar\u0131nda Kamusall\u0131k Sorgusu, Selin S\u00f6nmez\u0131\u015f\u0131k | %%sitetitle%%","_seopress_titles_desc":"Ara\u015ft\u0131rma boyunca k\u0131y\u0131 alanlar\u0131n\u0131n insan\u0131n, do\u011fan\u0131n ve suyun metabolizmas\u0131yla kurdu\u011fu ili\u015fki analiz edilmi\u015ftir. Ara\u015ft\u0131rman\u0131n amac\u0131 Bo\u011fazi\u00e7i k\u0131y\u0131lar\u0131nda kamusall\u0131k \u00fczerinden alternatif bir gelecek senaryosu olu\u015fturmakt\u0131r.","_seopress_robots_index":"","_price":"","_stock":"","_tribe_ticket_header":"","_tribe_default_ticket_provider":"","_tribe_ticket_capacity":"0","_ticket_start_date":"","_ticket_end_date":"","_tribe_ticket_show_description":"","_tribe_ticket_show_not_going":false,"_tribe_ticket_use_global_stock":"","_tribe_ticket_global_stock_level":"","_global_stock_mode":"","_global_stock_cap":"","_tribe_rsvp_for_event":"","_tribe_ticket_going_count":"","_tribe_ticket_not_going_count":"","_tribe_tickets_list":"[]","_tribe_ticket_has_attendee_info_fields":false,"_EventAllDay":false,"_EventTimezone":"","_EventStartDate":"","_EventEndDate":"","_EventStartDateUTC":"","_EventEndDateUTC":"","_EventShowMap":false,"_EventShowMapLink":false,"_EventURL":"","_EventCost":"","_EventCostDescription":"","_EventCurrencySymbol":"","_EventCurrencyCode":"","_EventCurrencyPosition":"","_EventDateTimeSeparator":"","_EventTimeRangeSeparator":"","_EventOrganizerID":[],"_EventVenueID":[],"_OrganizerEmail":"","_OrganizerPhone":"","_OrganizerWebsite":"","_VenueAddress":"","_VenueCity":"","_VenueCountry":"","_VenueProvince":"","_VenueState":"","_VenueZip":"","_VenuePhone":"","_VenueURL":"","_VenueStateProvince":"","_VenueLat":"","_VenueLng":"","_VenueShowMap":false,"_VenueShowMapLink":false,"footnotes":"","_tec_slr_enabled":"","_tec_slr_layout":""},"class_list":["post-9909","page","type-page","status-publish","hentry"],"acf":[],"ticketed":false,"_links":{"self":[{"href":"https:\/\/aura-istanbul.com\/index.php\/wp-json\/wp\/v2\/pages\/9909","targetHints":{"allow":["GET"]}}],"collection":[{"href":"https:\/\/aura-istanbul.com\/index.php\/wp-json\/wp\/v2\/pages"}],"about":[{"href":"https:\/\/aura-istanbul.com\/index.php\/wp-json\/wp\/v2\/types\/page"}],"author":[{"embeddable":true,"href":"https:\/\/aura-istanbul.com\/index.php\/wp-json\/wp\/v2\/users\/7"}],"replies":[{"embeddable":true,"href":"https:\/\/aura-istanbul.com\/index.php\/wp-json\/wp\/v2\/comments?post=9909"}],"version-history":[{"count":3,"href":"https:\/\/aura-istanbul.com\/index.php\/wp-json\/wp\/v2\/pages\/9909\/revisions"}],"predecessor-version":[{"id":15164,"href":"https:\/\/aura-istanbul.com\/index.php\/wp-json\/wp\/v2\/pages\/9909\/revisions\/15164"}],"wp:attachment":[{"href":"https:\/\/aura-istanbul.com\/index.php\/wp-json\/wp\/v2\/media?parent=9909"}],"curies":[{"name":"wp","href":"https:\/\/api.w.org\/{rel}","templated":true}]}}