{"id":9931,"date":"2022-02-16T10:54:09","date_gmt":"2022-02-16T07:54:09","guid":{"rendered":"https:\/\/aura-istanbul.com\/?page_id=9931"},"modified":"2025-09-23T20:43:20","modified_gmt":"2025-09-23T17:43:20","slug":"aura-alumni-naz-ustundag","status":"publish","type":"page","link":"https:\/\/aura-istanbul.com\/index.php\/aura-alumni-naz-ustundag\/","title":{"rendered":"AURA Alumni: Naz \u00dcst\u00fcnda\u011f"},"content":{"rendered":"<div class=\"wpb-content-wrapper\"><p>[vc_section][vc_row][vc_column width=&#8221;1\/6&#8243;][vc_single_image image=&#8221;9932&#8243; img_size=&#8221;large&#8221; alignment=&#8221;center&#8221;][vc_empty_space][vc_column_text]<strong>Naz \u00dcst\u00fcnda\u011f<\/strong>[\/vc_column_text][vc_empty_space height=&#8221;16px&#8221;][vc_column_text]Mimar<br \/>\nMEF \u00dcniversitesi<\/p>\n<p>G\u00fcz 2021<br \/>\nDan\u0131\u015fman: Tuna Han Ko\u00e7 &#8211; Zeynep Alt\u0131nba\u015fl\u0131[\/vc_column_text][vc_empty_space][\/vc_column][vc_column width=&#8221;2\/3&#8243;][vc_column_text]<\/p>\n<p style=\"text-align: left;\"><strong>At\u0131l B\u0131rak\u0131lm\u0131\u015f Alanlar Aras\u0131ndaki Yar\u0131 Kafes \u00d6rg\u00fctlenme Bi\u00e7imlerinin De\u015fifre Edilmesi: Karak\u00f6y, Per\u015fembe Pazar\u0131<\/strong><\/p>\n<p>[\/vc_column_text][vc_column_text]<span style=\"font-weight: 400;\">Bu \u00e7al\u0131\u015fmada at\u0131l b\u0131rak\u0131lm\u0131\u015f alanlar\u0131n yar\u0131 kafes sistemde nas\u0131l \u00f6rg\u00fctlendi\u011fi, bu sistemin neler s\u00f6yleyebilece\u011fi ya da s\u00f6yleyemedi\u011fi ve bu sistemin at\u0131l b\u0131rak\u0131lm\u0131\u015f alanlar\u0131n kullan\u0131m\u0131na etkisi \u00fczerine bir ara\u015ft\u0131rma yap\u0131lm\u0131\u015ft\u0131r.<\/span><\/p>\n<p><span style=\"font-weight: 400;\">Ara\u015ft\u0131rma s\u00fcreci at\u0131l alan kavram\u0131n\u0131n literat\u00fcrdeki kullan\u0131mlar\u0131na bak\u0131larak ba\u015flam\u0131\u015f ve yeniden adland\u0131rma ihtiyac\u0131 ile ele al\u0131narak \u201cat\u0131l b\u0131rak\u0131lm\u0131\u015f alanlar\u201d olarak ele al\u0131nm\u0131\u015ft\u0131r. At\u0131l b\u0131rak\u0131lm\u0131\u015f alanlar\u0131n yo\u011fun oldu\u011fu Karak\u00f6y, Per\u015fembe Pazar\u0131 yer olarak se\u00e7ilmi\u015ftir ve bu alan \u00fczerinden yar\u0131 kafes \u00f6rg\u00fctlenme bi\u00e7imleri okunmu\u015ftur. Yar\u0131 kafes \u00f6rg\u00fctlenme bi\u00e7imleri okunurken Karak\u00f6y, Per\u015fembe Pazar\u0131 b\u00f6lgesinin tarih\u00e7esi ve tarihi haritalar\u0131 referans al\u0131nm\u0131\u015ft\u0131r. At\u0131l b\u0131rak\u0131lm\u0131\u015f alanlar\u0131n olu\u015fum s\u00fcre\u00e7lerine bak\u0131lm\u0131\u015f ve bu alanlar, d\u00fczlemsel, m\u00fclkiyet durumu, y\u00fckseklik, g\u00f6r\u00fcn\u00fcrl\u00fck, d\u00f6nemsel olarak kullan\u0131labilirlik ve bitki durumuna g\u00f6re belirli s\u0131n\u0131fland\u0131rmalar alt\u0131nda incelenmi\u015ftir.<\/span><\/p>\n<p><span style=\"font-weight: 400;\">Bu ara\u015ft\u0131rma ile, yar\u0131 kafes sisteminin duyarl\u0131 oldu\u011fu, yo\u011fun ve karma\u015f\u0131k ili\u015fkileri ifade edebildi\u011fi, her eleman\u0131n bir di\u011feriyle kurabildi\u011fi \u00e7apraz ili\u015fkiler sebebiyle olas\u0131l\u0131klar\u0131n ve ili\u015fkilerin \u00e7ok fazla oldu\u011fu anla\u015f\u0131lm\u0131\u015ft\u0131r.<\/span><span style=\"font-weight: 400;\"><br \/>\n<\/span>[\/vc_column_text][vc_empty_space][vc_gallery interval=&#8221;10&#8243; images=&#8221;9933,9934,9935,9936,9937&#8243; img_size=&#8221;full&#8221;][\/vc_column][vc_column width=&#8221;1\/6&#8243;][vc_single_image image=&#8221;9938&#8243; img_size=&#8221;full&#8221; alignment=&#8221;center&#8221; style=&#8221;vc_box_border&#8221; onclick=&#8221;custom_link&#8221; img_link_target=&#8221;_blank&#8221;][vc_empty_space height=&#8221;16px&#8221;][vc_row_inner][vc_column_inner][\/vc_column_inner][\/vc_row_inner][vc_row_inner][vc_column_inner width=&#8221;2\/3&#8243;][\/vc_column_inner][vc_column_inner width=&#8221;1\/3&#8243;][\/vc_column_inner][\/vc_row_inner][\/vc_column][\/vc_row][\/vc_section]<\/p>\n<\/div>","protected":false},"excerpt":{"rendered":"<p>[vc_section][vc_row][vc_column width=&#8221;1\/6&#8243;][vc_single_image image=&#8221;9932&#8243; img_size=&#8221;large&#8221; alignment=&#8221;center&#8221;][vc_empty_space][vc_column_text]Naz \u00dcst\u00fcnda\u011f[\/vc_column_text][vc_empty_space height=&#8221;16px&#8221;][vc_column_text]Mimar MEF \u00dcniversitesi G\u00fcz 2021 Dan\u0131\u015fman: Tuna Han Ko\u00e7 &#8211; Zeynep Alt\u0131nba\u015fl\u0131[\/vc_column_text][vc_empty_space][\/vc_column][vc_column width=&#8221;2\/3&#8243;][vc_column_text] At\u0131l B\u0131rak\u0131lm\u0131\u015f Alanlar Aras\u0131ndaki Yar\u0131 Kafes \u00d6rg\u00fctlenme Bi\u00e7imlerinin De\u015fifre Edilmesi: Karak\u00f6y, [&hellip;]<\/p>\n","protected":false},"author":7,"featured_media":0,"parent":0,"menu_order":0,"comment_status":"closed","ping_status":"closed","template":"","meta":{"_acf_changed":false,"_seopress_robots_primary_cat":"","_seopress_titles_title":"At\u0131l B\u0131rak\u0131lm\u0131\u015f Alanlar Aras\u0131ndaki Yar\u0131 Kafes \u00d6rg\u00fctlenme Bi\u00e7imlerinin De\u015fifre Edilmesi: Karak\u00f6y, Per\u015fembe Pazar\u0131, Naz \u00dcst\u00fcnda\u011f | %%sitetitle%%","_seopress_titles_desc":"Bu \u00e7al\u0131\u015fmada at\u0131l b\u0131rak\u0131lm\u0131\u015f alanlar\u0131n yar\u0131 kafes sistemde nas\u0131l \u00f6rg\u00fctlendi\u011fi, bu sistemin neler s\u00f6yleyebilece\u011fi ya da s\u00f6yleyemedi\u011fi ve bu sistemin at\u0131l b\u0131rak\u0131lm\u0131\u015f alanlar\u0131n kullan\u0131m\u0131na etkisi \u00fczerine bir ara\u015ft\u0131rma yap\u0131lm\u0131\u015ft\u0131r.","_seopress_robots_index":"","_price":"","_stock":"","_tribe_ticket_header":"","_tribe_default_ticket_provider":"","_tribe_ticket_capacity":"0","_ticket_start_date":"","_ticket_end_date":"","_tribe_ticket_show_description":"","_tribe_ticket_show_not_going":false,"_tribe_ticket_use_global_stock":"","_tribe_ticket_global_stock_level":"","_global_stock_mode":"","_global_stock_cap":"","_tribe_rsvp_for_event":"","_tribe_ticket_going_count":"","_tribe_ticket_not_going_count":"","_tribe_tickets_list":"[]","_tribe_ticket_has_attendee_info_fields":false,"_EventAllDay":false,"_EventTimezone":"","_EventStartDate":"","_EventEndDate":"","_EventStartDateUTC":"","_EventEndDateUTC":"","_EventShowMap":false,"_EventShowMapLink":false,"_EventURL":"","_EventCost":"","_EventCostDescription":"","_EventCurrencySymbol":"","_EventCurrencyCode":"","_EventCurrencyPosition":"","_EventDateTimeSeparator":"","_EventTimeRangeSeparator":"","_EventOrganizerID":[],"_EventVenueID":[],"_OrganizerEmail":"","_OrganizerPhone":"","_OrganizerWebsite":"","_VenueAddress":"","_VenueCity":"","_VenueCountry":"","_VenueProvince":"","_VenueState":"","_VenueZip":"","_VenuePhone":"","_VenueURL":"","_VenueStateProvince":"","_VenueLat":"","_VenueLng":"","_VenueShowMap":false,"_VenueShowMapLink":false,"footnotes":"","_tec_slr_enabled":"","_tec_slr_layout":""},"class_list":["post-9931","page","type-page","status-publish","hentry"],"acf":[],"ticketed":false,"_links":{"self":[{"href":"https:\/\/aura-istanbul.com\/index.php\/wp-json\/wp\/v2\/pages\/9931","targetHints":{"allow":["GET"]}}],"collection":[{"href":"https:\/\/aura-istanbul.com\/index.php\/wp-json\/wp\/v2\/pages"}],"about":[{"href":"https:\/\/aura-istanbul.com\/index.php\/wp-json\/wp\/v2\/types\/page"}],"author":[{"embeddable":true,"href":"https:\/\/aura-istanbul.com\/index.php\/wp-json\/wp\/v2\/users\/7"}],"replies":[{"embeddable":true,"href":"https:\/\/aura-istanbul.com\/index.php\/wp-json\/wp\/v2\/comments?post=9931"}],"version-history":[{"count":5,"href":"https:\/\/aura-istanbul.com\/index.php\/wp-json\/wp\/v2\/pages\/9931\/revisions"}],"predecessor-version":[{"id":15167,"href":"https:\/\/aura-istanbul.com\/index.php\/wp-json\/wp\/v2\/pages\/9931\/revisions\/15167"}],"wp:attachment":[{"href":"https:\/\/aura-istanbul.com\/index.php\/wp-json\/wp\/v2\/media?parent=9931"}],"curies":[{"name":"wp","href":"https:\/\/api.w.org\/{rel}","templated":true}]}}