{"id":9940,"date":"2022-02-16T12:01:52","date_gmt":"2022-02-16T09:01:52","guid":{"rendered":"https:\/\/aura-istanbul.com\/?page_id=9940"},"modified":"2025-09-23T20:42:28","modified_gmt":"2025-09-23T17:42:28","slug":"aura-alumni-serra-utkum-ikiz","status":"publish","type":"page","link":"https:\/\/aura-istanbul.com\/index.php\/aura-alumni-serra-utkum-ikiz\/","title":{"rendered":"AURA Alumni: Serra Utkum \u0130kiz"},"content":{"rendered":"<div class=\"wpb-content-wrapper\"><p>[vc_section][vc_row][vc_column width=&#8221;1\/6&#8243;][vc_single_image image=&#8221;9941&#8243; img_size=&#8221;large&#8221; alignment=&#8221;center&#8221;][vc_empty_space][vc_column_text]<strong>Serra Utkum \u0130kiz<\/strong>[\/vc_column_text][vc_empty_space height=&#8221;16px&#8221;][vc_column_text]\u015eehir Planc\u0131s\u0131<br \/>\nMimar Sinan G\u00fczel Sanatlar \u00dcniversitesi<\/p>\n<p>G\u00fcz 2021<br \/>\nDan\u0131\u015fman: Tuna Han Ko\u00e7 &#8211; Zeynep Alt\u0131nba\u015fl\u0131[\/vc_column_text][vc_empty_space][\/vc_column][vc_column width=&#8221;2\/3&#8243;][vc_column_text]<strong>Bilinmeyen B\u00f6lgelere Bir Y\u00fcr\u00fcy\u00fc\u015f: Kuzey \u0130stanbul\u2019un De\u011fi\u015fimini Yerden Okumak<\/strong>[\/vc_column_text][vc_column_text]Ara\u015ft\u0131rma \u0130stanbul\u2019un kuzeyine ger\u00e7ekle\u015ftirilen yukardan de\u011fil i\u00e7erden bir bak\u0131\u015f ile periferiyi tart\u0131\u015fmaya a\u00e7an bir ele\u015ftirel y\u00fcr\u00fcy\u00fc\u015ft\u00fcr. Yak\u0131n zamanda in\u015fa edilen ya da in\u015fa edilmesi planlanan projelerin kuzey b\u00f6lgelerde meydana gelen de\u011fi\u015fime ve s\u00fcreci, do\u011fal olan ve insan yap\u0131m\u0131 aras\u0131ndaki dinamik ili\u015fkilerin g\u00f6zlemlenmesini kapsamaktad\u0131r. Bu b\u00f6lgeleri ke\u015ffetmek i\u00e7in ba\u015flang\u0131\u00e7ta y\u00fcr\u00fcy\u00fc\u015f metodolojisi kullanarak, ard\u0131ndan ki\u015fisel deneyime ve mek\u00e2nsal verilere dayal\u0131 olarak haritalamalarla ortaya \u00e7\u0131kan ili\u015fkileri ara\u015ft\u0131rmak ama\u00e7lanm\u0131\u015ft\u0131r.\u00a0 B\u00f6lgenin belirsizli\u011fi co\u011frafi ve akademiktir. Kuzey \u0130stanbul, \u015fehrin daha az deneyimlenen bir b\u00f6lgesidir. Bu nedenle de daha az ke\u015ffedilmi\u015f bir b\u00f6lgesi olma \u00f6zelli\u011fini ta\u015f\u0131maktad\u0131r.<\/p>\n<p>Ara\u015ft\u0131rmada, Kuzey \u0130stanbul\u2019u tart\u0131\u015fmak kadar tan\u0131mak istenmi\u015ftir. Bunun i\u00e7in, Kuzey \u0130stanbul\u2019un mek\u00e2nsal geli\u015fimine bir bak\u0131\u015f at\u0131larak y\u00fcr\u00fcy\u00fc\u015f\u00fcn arka plan\u0131 olu\u015fturulmu\u015f ve odak alan\u0131 se\u00e7ilmi\u015ftir. Kuzey \u0130stanbul\u2019un ara\u015ft\u0131rma alan\u0131 olarak se\u00e7ilmesinin nedeni; \u0130stanbul\u2019un az pratik edilen bir b\u00f6lgesi olmas\u0131 ve Yeni \u0130stanbul Projelerinin ger\u00e7ekle\u015fmesi durumunda yok olacak bir alan olmas\u0131d\u0131r. Kuzey \u0130stanbul dedi\u011fimiz b\u00f6lgeden \u00f6rneklem olarak Tayakad\u0131n, Yenik\u00f6y, Terkos, Karaburun kapsayan alan se\u00e7ilmi\u015ftir. Ara\u015ft\u0131rma i\u00e7erisinde, yerden elde edilen ve kuzey \u0130stanbul\u2019un de\u011fi\u015fiminin plan \u00f6l\u00e7e\u011findeki s\u00fcreci g\u00f6z \u00f6n\u00fcnde bulundurularak, projelerin co\u011frafyay\u0131 ve yereli nas\u0131l \u015fekillendirdi\u011fi \u00fczerinde durulmu\u015ftur.<\/p>\n<p>\u201cY\u00fcr\u00fcy\u00fc\u015f\u201d b\u00f6l\u00fcm\u00fcnde, kuzey \u0130stanbul\u2019u tan\u0131mak, anlamak ve tart\u0131\u015fmak i\u00e7in kullan\u0131lan ele\u015ftirel y\u00fcr\u00fcy\u00fc\u015f kavram\u0131 ve metodolojisine odaklan\u0131lm\u0131\u015ft\u0131r. Y\u00fcr\u00fcmek ve mek\u00e2nsal de\u011fi\u015fim aras\u0131ndaki ili\u015fkiler temel olarak verilmi\u015ftir. Y\u00fcr\u00fcmenin sadece bir yerden bir yere gitmek i\u00e7in yap\u0131lan bir eylem olmas\u0131ndan \u00f6te, kentle, d\u00fc\u015f\u00fcnmeyle ve ele\u015ftirmeyle olan ili\u015fkisi tart\u0131\u015f\u0131lm\u0131\u015ft\u0131r.<\/p>\n<p>\u201cHaritalama\u201d b\u00f6l\u00fcm\u00fcnde y\u00fcr\u00fcmek ve haritalama aras\u0131ndaki ili\u015fkiye de\u011finilmi\u015ftir. Bu b\u00f6l\u00fcmde, \u00fcst \u00f6l\u00e7ekten bakmak ve insan \u00f6l\u00e7e\u011finden deneyimlemek aras\u0131ndaki ili\u015fki,\u00a0 kar\u015f\u0131tl\u0131klar\u00a0 ve beraber kullan\u0131lmas\u0131n\u0131n yarataca\u011f\u0131 durumlar tart\u0131\u015fmaya a\u00e7\u0131lm\u0131\u015ft\u0131r. \u00dcst \u00f6l\u00e7ekte varm\u0131\u015f gibi konu\u015ftu\u011fumuz mega projeler ve bunlar\u0131n s\u00f6ylemsel varl\u0131klar\u0131n\u0131n yere ve yerelin eylemlerine nas\u0131l etkiledi\u011fi haritalar ve y\u00fcr\u00fcy\u00fc\u015fler ile d\u00fc\u015f\u00fcn\u00fclmeye \u00e7al\u0131\u015f\u0131lm\u0131\u015ft\u0131r. Bu ara\u015ft\u0131rma kapsam\u0131nda ortaya \u00e7\u0131kan, deneyimsel ve ele\u015ftirel haritalama metodolojisi olarak \u201cKar\u015f\u0131tl\u0131klar ve \u00c7arp\u0131\u015fmalar\u201d ba\u015fl\u0131\u011f\u0131 alt\u0131nda ortaya \u00e7\u0131kan haritalar; y\u00fcr\u00fcy\u00fc\u015f haritalar\u0131 ve y\u00fcr\u00fcy\u00fc\u015f atlaslar\u0131 olarak tan\u0131mlanmaktad\u0131r.[\/vc_column_text][vc_empty_space][vc_gallery interval=&#8221;10&#8243; images=&#8221;10005,10006,10007,10008,10004&#8243; img_size=&#8221;full&#8221;][\/vc_column][vc_column width=&#8221;1\/6&#8243;][vc_single_image image=&#8221;9947&#8243; img_size=&#8221;full&#8221; alignment=&#8221;center&#8221; style=&#8221;vc_box_border&#8221; onclick=&#8221;custom_link&#8221; img_link_target=&#8221;_blank&#8221;][vc_empty_space height=&#8221;16px&#8221;][vc_row_inner][vc_column_inner][\/vc_column_inner][\/vc_row_inner][vc_row_inner][vc_column_inner width=&#8221;2\/3&#8243;][\/vc_column_inner][vc_column_inner width=&#8221;1\/3&#8243;][\/vc_column_inner][\/vc_row_inner][\/vc_column][\/vc_row][\/vc_section]<\/p>\n<\/div>","protected":false},"excerpt":{"rendered":"<p>[vc_section][vc_row][vc_column width=&#8221;1\/6&#8243;][vc_single_image image=&#8221;9941&#8243; img_size=&#8221;large&#8221; alignment=&#8221;center&#8221;][vc_empty_space][vc_column_text]Serra Utkum \u0130kiz[\/vc_column_text][vc_empty_space height=&#8221;16px&#8221;][vc_column_text]\u015eehir Planc\u0131s\u0131 Mimar Sinan G\u00fczel Sanatlar \u00dcniversitesi G\u00fcz 2021 Dan\u0131\u015fman: Tuna Han Ko\u00e7 &#8211; Zeynep Alt\u0131nba\u015fl\u0131[\/vc_column_text][vc_empty_space][\/vc_column][vc_column width=&#8221;2\/3&#8243;][vc_column_text]Bilinmeyen B\u00f6lgelere Bir Y\u00fcr\u00fcy\u00fc\u015f: Kuzey \u0130stanbul\u2019un De\u011fi\u015fimini [&hellip;]<\/p>\n","protected":false},"author":7,"featured_media":0,"parent":0,"menu_order":0,"comment_status":"closed","ping_status":"closed","template":"","meta":{"_acf_changed":false,"_seopress_robots_primary_cat":"","_seopress_titles_title":"Bilinmeyen B\u00f6lgelere Bir Y\u00fcr\u00fcy\u00fc\u015f: Kuzey \u0130stanbul\u2019un De\u011fi\u015fimini Yerden Okumak, Serra Utkum \u0130kiz | %%sitetitle%%","_seopress_titles_desc":"Ara\u015ft\u0131rma \u0130stanbul\u2019un kuzeyine ger\u00e7ekle\u015ftirilen yukardan de\u011fil i\u00e7erden bir bak\u0131\u015f ile periferiyi tart\u0131\u015fmaya a\u00e7an bir ele\u015ftirel y\u00fcr\u00fcy\u00fc\u015ft\u00fcr.","_seopress_robots_index":"","_price":"","_stock":"","_tribe_ticket_header":"","_tribe_default_ticket_provider":"","_tribe_ticket_capacity":"0","_ticket_start_date":"","_ticket_end_date":"","_tribe_ticket_show_description":"","_tribe_ticket_show_not_going":false,"_tribe_ticket_use_global_stock":"","_tribe_ticket_global_stock_level":"","_global_stock_mode":"","_global_stock_cap":"","_tribe_rsvp_for_event":"","_tribe_ticket_going_count":"","_tribe_ticket_not_going_count":"","_tribe_tickets_list":"[]","_tribe_ticket_has_attendee_info_fields":false,"_EventAllDay":false,"_EventTimezone":"","_EventStartDate":"","_EventEndDate":"","_EventStartDateUTC":"","_EventEndDateUTC":"","_EventShowMap":false,"_EventShowMapLink":false,"_EventURL":"","_EventCost":"","_EventCostDescription":"","_EventCurrencySymbol":"","_EventCurrencyCode":"","_EventCurrencyPosition":"","_EventDateTimeSeparator":"","_EventTimeRangeSeparator":"","_EventOrganizerID":[],"_EventVenueID":[],"_OrganizerEmail":"","_OrganizerPhone":"","_OrganizerWebsite":"","_VenueAddress":"","_VenueCity":"","_VenueCountry":"","_VenueProvince":"","_VenueState":"","_VenueZip":"","_VenuePhone":"","_VenueURL":"","_VenueStateProvince":"","_VenueLat":"","_VenueLng":"","_VenueShowMap":false,"_VenueShowMapLink":false,"footnotes":"","_tec_slr_enabled":"","_tec_slr_layout":""},"class_list":["post-9940","page","type-page","status-publish","hentry"],"acf":[],"ticketed":false,"_links":{"self":[{"href":"https:\/\/aura-istanbul.com\/index.php\/wp-json\/wp\/v2\/pages\/9940","targetHints":{"allow":["GET"]}}],"collection":[{"href":"https:\/\/aura-istanbul.com\/index.php\/wp-json\/wp\/v2\/pages"}],"about":[{"href":"https:\/\/aura-istanbul.com\/index.php\/wp-json\/wp\/v2\/types\/page"}],"author":[{"embeddable":true,"href":"https:\/\/aura-istanbul.com\/index.php\/wp-json\/wp\/v2\/users\/7"}],"replies":[{"embeddable":true,"href":"https:\/\/aura-istanbul.com\/index.php\/wp-json\/wp\/v2\/comments?post=9940"}],"version-history":[{"count":3,"href":"https:\/\/aura-istanbul.com\/index.php\/wp-json\/wp\/v2\/pages\/9940\/revisions"}],"predecessor-version":[{"id":15163,"href":"https:\/\/aura-istanbul.com\/index.php\/wp-json\/wp\/v2\/pages\/9940\/revisions\/15163"}],"wp:attachment":[{"href":"https:\/\/aura-istanbul.com\/index.php\/wp-json\/wp\/v2\/media?parent=9940"}],"curies":[{"name":"wp","href":"https:\/\/api.w.org\/{rel}","templated":true}]}}