{"id":9980,"date":"2022-02-16T14:06:15","date_gmt":"2022-02-16T11:06:15","guid":{"rendered":"https:\/\/aura-istanbul.com\/?page_id=9980"},"modified":"2025-09-23T20:44:20","modified_gmt":"2025-09-23T17:44:20","slug":"aura-alumni-gulce-halici","status":"publish","type":"page","link":"https:\/\/aura-istanbul.com\/index.php\/aura-alumni-gulce-halici\/","title":{"rendered":"AURA Alumni: G\u00fclce Hal\u0131c\u0131"},"content":{"rendered":"<div class=\"wpb-content-wrapper\"><p>[vc_section][vc_row][vc_column width=&#8221;1\/6&#8243;][vc_single_image image=&#8221;9981&#8243; img_size=&#8221;large&#8221; alignment=&#8221;center&#8221;][vc_empty_space][vc_column_text]<strong>G\u00fclce Hal\u0131c\u0131<\/strong>[\/vc_column_text][vc_empty_space height=&#8221;16px&#8221;][vc_column_text]Mimar<br \/>\nTED \u00dcniversitesi<\/p>\n<p>G\u00fcz 2021<br \/>\nDan\u0131\u015fman: Tuna Han Ko\u00e7 &#8211; Zeynep Alt\u0131nba\u015fl\u0131[\/vc_column_text][vc_empty_space][\/vc_column][vc_column width=&#8221;2\/3&#8243;][vc_column_text]<\/p>\n<p class=\"BasicParagraphA4\"><strong>Millieux Kavram\u0131 \u00dczerinden Anakronik Divan Yolu Okumas\u0131<\/strong><\/p>\n<p>[\/vc_column_text][vc_column_text]\u0130stanbul\u2019un tarihi yar\u0131mada b\u00f6lgesindeki Divan Yolu ya da Bizans\u2019taki ad\u0131yla Mese Caddesi \u00e7ok katmanl\u0131l\u0131\u011f\u0131 ve tarihsel arka plan\u0131 sebebiyle proje mahalli olarak belirlenmi\u015ftir. \u00c7al\u0131\u015fman\u0131n amac\u0131, \u0130stanbul\u2019un kurulu\u015fundan itibaren daima de\u011fi\u015fim g\u00f6steren, farkl\u0131 zaman kesitlerinin yan yana geli\u015fiyle olu\u015fan g\u00f6stergeleri, \u015fehirde ya\u015fanan olaylar ve ba\u015fkald\u0131r\u0131lar \u00fczerinden okumakt\u0131r. Bu okuma s\u0131ras\u0131nda Foucault\u2019un G\u00fcvenlik, Toprak ve N\u00fcfus kitab\u0131nda ge\u00e7en Ortam [Millieux] kavram\u0131 olaylar\u0131n ya\u015fan\u0131\u015f\u0131 s\u0131ras\u0131ndaki mek\u00e2nsal etkileri anlamak ve Roland Barthes\u2019\u0131n G\u00f6stergebilimsel Ser\u00fcven kitab\u0131 mekandaki her bir eleman\u0131n nas\u0131l g\u00f6sterge haline geldi\u011fini kavramak ile ilgili d\u00f6n\u00fcm noktalar\u0131 olu\u015fturmu\u015ftur. \u015eehirde ya\u015fanan her bir olay\u0131n, \u015fehri anlama \u015feklimizde ve davran\u0131\u015flar\u0131m\u0131zda izler b\u0131rakt\u0131\u011f\u0131 \u00e7ok a\u00e7\u0131kt\u0131r. Ancak bu noktada meydan\u0131n de\u011fi\u015fim ve d\u00f6n\u00fc\u015f\u00fcm\u00fc de o mek\u00e2n\u0131n ayn\u0131 durumu ya\u015fatmaya ve ya\u015famaya yazg\u0131l\u0131 oldu\u011funu s\u00f6ylemek m\u00fcmk\u00fcnd\u00fcr.<\/p>\n<p>Ara\u015ft\u0131rmada Divan Yolu \u00fczerindeki her bir mimari eser anakronik olarak okunduktan sonra; G\u00fclhane Park\u0131, Sultanahmet Meydan\u0131, Beyaz\u0131t Meydan\u0131, Et Meydan\u0131 \u00e7evresi ara\u015ft\u0131rma mek\u00e2n\u0131 olarak se\u00e7ilmi\u015ftir. Tarih boyunca palimpsest misali olu\u015fan katmanlar bir araya getirilerek ya\u015fanan olaylar\u0131n \u015fekillenme durumu ara\u015ft\u0131r\u0131lm\u0131\u015ft\u0131r.<\/p>\n<p>Finalde Sultanahmet Meydan\u0131 \u00e7evresindeki hangi imgeler \u00fczerinden olaylar\u0131n tetiklendi\u011fi anla\u015f\u0131lmaya \u00e7al\u0131\u015f\u0131lm\u0131\u015f, imgeler meydandaki izlerle birlikte ortaya \u00e7\u0131kar\u0131lm\u0131\u015ft\u0131r. Sonras\u0131nda olaylar\u0131n ya\u015fanma \u015fekli incelenerek, ikili bir okuma yap\u0131lm\u0131\u015ft\u0131r.[\/vc_column_text][vc_empty_space][vc_gallery interval=&#8221;10&#8243; images=&#8221;9982,9983,9984,9985,9986&#8243; img_size=&#8221;full&#8221;][\/vc_column][vc_column width=&#8221;1\/6&#8243;][vc_single_image image=&#8221;9987&#8243; img_size=&#8221;full&#8221; alignment=&#8221;center&#8221; style=&#8221;vc_box_border&#8221; onclick=&#8221;custom_link&#8221; img_link_target=&#8221;_blank&#8221;][vc_empty_space height=&#8221;16px&#8221;][vc_row_inner][vc_column_inner][\/vc_column_inner][\/vc_row_inner][vc_row_inner][vc_column_inner width=&#8221;2\/3&#8243;][\/vc_column_inner][vc_column_inner width=&#8221;1\/3&#8243;][\/vc_column_inner][\/vc_row_inner][\/vc_column][\/vc_row][\/vc_section]<\/p>\n<\/div>","protected":false},"excerpt":{"rendered":"<p>[vc_section][vc_row][vc_column width=&#8221;1\/6&#8243;][vc_single_image image=&#8221;9981&#8243; img_size=&#8221;large&#8221; alignment=&#8221;center&#8221;][vc_empty_space][vc_column_text]G\u00fclce Hal\u0131c\u0131[\/vc_column_text][vc_empty_space height=&#8221;16px&#8221;][vc_column_text]Mimar TED \u00dcniversitesi G\u00fcz 2021 Dan\u0131\u015fman: Tuna Han Ko\u00e7 &#8211; Zeynep Alt\u0131nba\u015fl\u0131[\/vc_column_text][vc_empty_space][\/vc_column][vc_column width=&#8221;2\/3&#8243;][vc_column_text] Millieux Kavram\u0131 \u00dczerinden Anakronik Divan Yolu Okumas\u0131 [\/vc_column_text][vc_column_text]\u0130stanbul\u2019un tarihi yar\u0131mada b\u00f6lgesindeki [&hellip;]<\/p>\n","protected":false},"author":7,"featured_media":0,"parent":0,"menu_order":0,"comment_status":"closed","ping_status":"closed","template":"","meta":{"_acf_changed":false,"_seopress_robots_primary_cat":"","_seopress_titles_title":"Millieux Kavram\u0131 \u00dczerinden Anakronik Divan Yolu Okumas\u0131, G\u00fclce Hal\u0131c\u0131 | %%sitetitle%%","_seopress_titles_desc":"Ara\u015ft\u0131rmada Divan Yolu \u00fczerindeki her bir mimari eser anakronik olarak okunduktan sonra; G\u00fclhane Park\u0131, Sultanahmet Meydan\u0131, Beyaz\u0131t Meydan\u0131, Et Meydan\u0131 \u00e7evresi ara\u015ft\u0131rma mek\u00e2n\u0131 olarak se\u00e7ilmi\u015ftir. Tarih boyunca palimpsest misali olu\u015fan katmanlar bir araya getirilerek ya\u015fanan olaylar\u0131n \u015fekillenme durumu ara\u015ft\u0131r\u0131lm\u0131\u015ft\u0131r.","_seopress_robots_index":"","_price":"","_stock":"","_tribe_ticket_header":"","_tribe_default_ticket_provider":"","_tribe_ticket_capacity":"0","_ticket_start_date":"","_ticket_end_date":"","_tribe_ticket_show_description":"","_tribe_ticket_show_not_going":false,"_tribe_ticket_use_global_stock":"","_tribe_ticket_global_stock_level":"","_global_stock_mode":"","_global_stock_cap":"","_tribe_rsvp_for_event":"","_tribe_ticket_going_count":"","_tribe_ticket_not_going_count":"","_tribe_tickets_list":"[]","_tribe_ticket_has_attendee_info_fields":false,"_EventAllDay":false,"_EventTimezone":"","_EventStartDate":"","_EventEndDate":"","_EventStartDateUTC":"","_EventEndDateUTC":"","_EventShowMap":false,"_EventShowMapLink":false,"_EventURL":"","_EventCost":"","_EventCostDescription":"","_EventCurrencySymbol":"","_EventCurrencyCode":"","_EventCurrencyPosition":"","_EventDateTimeSeparator":"","_EventTimeRangeSeparator":"","_EventOrganizerID":[],"_EventVenueID":[],"_OrganizerEmail":"","_OrganizerPhone":"","_OrganizerWebsite":"","_VenueAddress":"","_VenueCity":"","_VenueCountry":"","_VenueProvince":"","_VenueState":"","_VenueZip":"","_VenuePhone":"","_VenueURL":"","_VenueStateProvince":"","_VenueLat":"","_VenueLng":"","_VenueShowMap":false,"_VenueShowMapLink":false,"footnotes":"","_tec_slr_enabled":"","_tec_slr_layout":""},"class_list":["post-9980","page","type-page","status-publish","hentry"],"acf":[],"ticketed":false,"_links":{"self":[{"href":"https:\/\/aura-istanbul.com\/index.php\/wp-json\/wp\/v2\/pages\/9980","targetHints":{"allow":["GET"]}}],"collection":[{"href":"https:\/\/aura-istanbul.com\/index.php\/wp-json\/wp\/v2\/pages"}],"about":[{"href":"https:\/\/aura-istanbul.com\/index.php\/wp-json\/wp\/v2\/types\/page"}],"author":[{"embeddable":true,"href":"https:\/\/aura-istanbul.com\/index.php\/wp-json\/wp\/v2\/users\/7"}],"replies":[{"embeddable":true,"href":"https:\/\/aura-istanbul.com\/index.php\/wp-json\/wp\/v2\/comments?post=9980"}],"version-history":[{"count":2,"href":"https:\/\/aura-istanbul.com\/index.php\/wp-json\/wp\/v2\/pages\/9980\/revisions"}],"predecessor-version":[{"id":15172,"href":"https:\/\/aura-istanbul.com\/index.php\/wp-json\/wp\/v2\/pages\/9980\/revisions\/15172"}],"wp:attachment":[{"href":"https:\/\/aura-istanbul.com\/index.php\/wp-json\/wp\/v2\/media?parent=9980"}],"curies":[{"name":"wp","href":"https:\/\/api.w.org\/{rel}","templated":true}]}}